{"id":130,"date":"2024-05-11T23:39:25","date_gmt":"2024-05-11T21:39:25","guid":{"rendered":"https:\/\/iepnsrpiura.com\/?page_id=130"},"modified":"2024-05-12T17:42:47","modified_gmt":"2024-05-12T15:42:47","slug":"consejo-directivo","status":"publish","type":"page","link":"https:\/\/iepnsrpiura.com\/?page_id=130","title":{"rendered":"Consejo Directivo"},"content":{"rendered":"\n<div class=\"wp-block-columns is-layout-flex wp-container-core-columns-is-layout-9d6595d7 wp-block-columns-is-layout-flex\">\n<div class=\"wp-block-column is-layout-flow wp-block-column-is-layout-flow\">\n<figure class=\"wp-block-image size-large\"><img loading=\"lazy\" decoding=\"async\" width=\"768\" height=\"1024\" src=\"https:\/\/iepnsrpiura.com\/wp-content\/uploads\/2024\/05\/WhatsApp-Image-2024-05-07-at-12.15.22-PM-768x1024.jpeg\" alt=\"\" class=\"wp-image-135\" style=\"aspect-ratio:1;object-fit:cover\" srcset=\"https:\/\/iepnsrpiura.com\/wp-content\/uploads\/2024\/05\/WhatsApp-Image-2024-05-07-at-12.15.22-PM-768x1024.jpeg 768w, https:\/\/iepnsrpiura.com\/wp-content\/uploads\/2024\/05\/WhatsApp-Image-2024-05-07-at-12.15.22-PM-225x300.jpeg 225w, https:\/\/iepnsrpiura.com\/wp-content\/uploads\/2024\/05\/WhatsApp-Image-2024-05-07-at-12.15.22-PM-1152x1536.jpeg 1152w, https:\/\/iepnsrpiura.com\/wp-content\/uploads\/2024\/05\/WhatsApp-Image-2024-05-07-at-12.15.22-PM.jpeg 1200w\" sizes=\"auto, (max-width: 768px) 100vw, 768px\" \/><\/figure>\n\n\n\n<h2 class=\"wp-block-heading has-text-align-center\">Mag. Cecilia del Pilar Vargas Saavedra<\/h2>\n\n\n\n<p class=\"has-text-align-center\">DIRECTORA<\/p>\n<\/div>\n\n\n\n<div class=\"wp-block-column is-layout-flow wp-block-column-is-layout-flow\">\n<figure class=\"wp-block-image size-large\"><img loading=\"lazy\" decoding=\"async\" width=\"768\" height=\"1024\" src=\"https:\/\/iepnsrpiura.com\/wp-content\/uploads\/2024\/05\/WhatsApp-Image-2024-05-07-at-12.17.42-PM-768x1024.jpeg\" alt=\"\" class=\"wp-image-141\" style=\"aspect-ratio:1;object-fit:cover\" srcset=\"https:\/\/iepnsrpiura.com\/wp-content\/uploads\/2024\/05\/WhatsApp-Image-2024-05-07-at-12.17.42-PM-768x1024.jpeg 768w, https:\/\/iepnsrpiura.com\/wp-content\/uploads\/2024\/05\/WhatsApp-Image-2024-05-07-at-12.17.42-PM-225x300.jpeg 225w, https:\/\/iepnsrpiura.com\/wp-content\/uploads\/2024\/05\/WhatsApp-Image-2024-05-07-at-12.17.42-PM-1152x1536.jpeg 1152w, https:\/\/iepnsrpiura.com\/wp-content\/uploads\/2024\/05\/WhatsApp-Image-2024-05-07-at-12.17.42-PM.jpeg 1200w\" sizes=\"auto, (max-width: 768px) 100vw, 768px\" \/><\/figure>\n\n\n\n<h2 class=\"wp-block-heading has-text-align-center\">Lic. Deysi Palacios Calder\u00f3n<\/h2>\n\n\n\n<p class=\"has-text-align-center\">COORDINADORA ACADEMICA<\/p>\n<\/div>\n<\/div>\n\n\n\n<div class=\"wp-block-columns is-layout-flex wp-container-core-columns-is-layout-9d6595d7 wp-block-columns-is-layout-flex\">\n<div class=\"wp-block-column is-layout-flow wp-block-column-is-layout-flow\">\n<figure class=\"wp-block-image size-large\"><img loading=\"lazy\" decoding=\"async\" width=\"768\" height=\"1024\" src=\"https:\/\/iepnsrpiura.com\/wp-content\/uploads\/2024\/05\/WhatsApp-Image-2024-05-07-at-12.19.10-PM-768x1024.jpeg\" alt=\"\" class=\"wp-image-143\" style=\"aspect-ratio:1;object-fit:cover\" srcset=\"https:\/\/iepnsrpiura.com\/wp-content\/uploads\/2024\/05\/WhatsApp-Image-2024-05-07-at-12.19.10-PM-768x1024.jpeg 768w, https:\/\/iepnsrpiura.com\/wp-content\/uploads\/2024\/05\/WhatsApp-Image-2024-05-07-at-12.19.10-PM-225x300.jpeg 225w, https:\/\/iepnsrpiura.com\/wp-content\/uploads\/2024\/05\/WhatsApp-Image-2024-05-07-at-12.19.10-PM-1152x1536.jpeg 1152w, https:\/\/iepnsrpiura.com\/wp-content\/uploads\/2024\/05\/WhatsApp-Image-2024-05-07-at-12.19.10-PM.jpeg 1200w\" sizes=\"auto, (max-width: 768px) 100vw, 768px\" \/><\/figure>\n\n\n\n<h2 class=\"wp-block-heading has-text-align-center\">Lic. Cecilia Coronado Gallardo<\/h2>\n\n\n\n<p class=\"has-text-align-center\">COORDINADORA DE TUTORIA<\/p>\n<\/div>\n\n\n\n<div class=\"wp-block-column is-layout-flow wp-block-column-is-layout-flow\">\n<figure class=\"wp-block-image size-large\"><img loading=\"lazy\" decoding=\"async\" width=\"768\" height=\"1024\" src=\"https:\/\/iepnsrpiura.com\/wp-content\/uploads\/2024\/05\/WhatsApp-Image-2024-05-07-at-12.19.11-PM-768x1024.jpeg\" alt=\"\" class=\"wp-image-144\" style=\"aspect-ratio:1;object-fit:cover\" srcset=\"https:\/\/iepnsrpiura.com\/wp-content\/uploads\/2024\/05\/WhatsApp-Image-2024-05-07-at-12.19.11-PM-768x1024.jpeg 768w, https:\/\/iepnsrpiura.com\/wp-content\/uploads\/2024\/05\/WhatsApp-Image-2024-05-07-at-12.19.11-PM-225x300.jpeg 225w, https:\/\/iepnsrpiura.com\/wp-content\/uploads\/2024\/05\/WhatsApp-Image-2024-05-07-at-12.19.11-PM-1152x1536.jpeg 1152w, https:\/\/iepnsrpiura.com\/wp-content\/uploads\/2024\/05\/WhatsApp-Image-2024-05-07-at-12.19.11-PM.jpeg 1200w\" sizes=\"auto, (max-width: 768px) 100vw, 768px\" \/><\/figure>\n\n\n\n<h2 class=\"wp-block-heading has-text-align-center\">Lic. Luis Gonz\u00e1les Farf\u00e1n<\/h2>\n\n\n\n<p class=\"has-text-align-center\">COORDINADOR DE DISCIPLINA<\/p>\n<\/div>\n<\/div>\n\n\n\n<div class=\"wp-block-columns is-layout-flex wp-container-core-columns-is-layout-9d6595d7 wp-block-columns-is-layout-flex\">\n<div class=\"wp-block-column is-layout-flow wp-block-column-is-layout-flow\"><div class=\"wp-block-image\">\n<figure class=\"aligncenter size-large\"><img loading=\"lazy\" decoding=\"async\" width=\"768\" height=\"1024\" src=\"https:\/\/iepnsrpiura.com\/wp-content\/uploads\/2024\/05\/WhatsApp-Image-2024-05-07-at-12.19.11-PM1-768x1024.jpeg\" alt=\"\" class=\"wp-image-145\" style=\"aspect-ratio:4\/3;object-fit:contain\" srcset=\"https:\/\/iepnsrpiura.com\/wp-content\/uploads\/2024\/05\/WhatsApp-Image-2024-05-07-at-12.19.11-PM1-768x1024.jpeg 768w, https:\/\/iepnsrpiura.com\/wp-content\/uploads\/2024\/05\/WhatsApp-Image-2024-05-07-at-12.19.11-PM1-225x300.jpeg 225w, https:\/\/iepnsrpiura.com\/wp-content\/uploads\/2024\/05\/WhatsApp-Image-2024-05-07-at-12.19.11-PM1-1152x1536.jpeg 1152w, https:\/\/iepnsrpiura.com\/wp-content\/uploads\/2024\/05\/WhatsApp-Image-2024-05-07-at-12.19.11-PM1.jpeg 1200w\" sizes=\"auto, (max-width: 768px) 100vw, 768px\" \/><\/figure>\n<\/div>\n\n\n<h2 class=\"wp-block-heading has-text-align-center\">Lic. Milagros del Pilar Guerrero Lizama<\/h2>\n\n\n\n<p class=\"has-text-align-center\">COORDINADORA DE PASTORAL<\/p>\n<\/div>\n<\/div>\n","protected":false},"excerpt":{"rendered":"<p>Mag. Cecilia del Pilar Vargas Saavedra DIRECTORA Lic. Deysi Palacios Calder\u00f3n COORDINADORA ACADEMICA Lic. Cecilia Coronado Gallardo COORDINADORA DE TUTORIA Lic. Luis Gonz\u00e1les Farf\u00e1n COORDINADOR DE DISCIPLINA Lic. Milagros del Pilar Guerrero Lizama COORDINADORA DE PASTORAL<\/p>\n","protected":false},"author":1,"featured_media":0,"parent":0,"menu_order":0,"comment_status":"closed","ping_status":"closed","template":"","meta":{"footnotes":""},"class_list":["post-130","page","type-page","status-publish","hentry"],"_links":{"self":[{"href":"https:\/\/iepnsrpiura.com\/index.php?rest_route=\/wp\/v2\/pages\/130","targetHints":{"allow":["GET"]}}],"collection":[{"href":"https:\/\/iepnsrpiura.com\/index.php?rest_route=\/wp\/v2\/pages"}],"about":[{"href":"https:\/\/iepnsrpiura.com\/index.php?rest_route=\/wp\/v2\/types\/page"}],"author":[{"embeddable":true,"href":"https:\/\/iepnsrpiura.com\/index.php?rest_route=\/wp\/v2\/users\/1"}],"replies":[{"embeddable":true,"href":"https:\/\/iepnsrpiura.com\/index.php?rest_route=%2Fwp%2Fv2%2Fcomments&post=130"}],"version-history":[{"count":9,"href":"https:\/\/iepnsrpiura.com\/index.php?rest_route=\/wp\/v2\/pages\/130\/revisions"}],"predecessor-version":[{"id":166,"href":"https:\/\/iepnsrpiura.com\/index.php?rest_route=\/wp\/v2\/pages\/130\/revisions\/166"}],"wp:attachment":[{"href":"https:\/\/iepnsrpiura.com\/index.php?rest_route=%2Fwp%2Fv2%2Fmedia&parent=130"}],"curies":[{"name":"wp","href":"https:\/\/api.w.org\/{rel}","templated":true}]}}