{"id":256,"date":"2024-10-03T03:34:17","date_gmt":"2024-10-03T01:34:17","guid":{"rendered":"https:\/\/iepnsrpiura.com\/?page_id=256"},"modified":"2025-11-20T23:07:20","modified_gmt":"2025-11-20T22:07:20","slug":"formatos-para-el-proceso-de-admision-2025-nsr-piura","status":"publish","type":"page","link":"https:\/\/iepnsrpiura.com\/?page_id=256","title":{"rendered":"FORMATOS PARA EL PROCESO DE ADMISION 2026 &#8211; NSR &#8211; PIURA"},"content":{"rendered":"\n<p>La informaci\u00f3n de los postulantes se recopilar\u00e1 mediante los siguientes formatos: Solicitud de Admisi\u00f3n 2026 ( descargar seg\u00fan el grado y nivel al que postulara ), Disposiciones sobre el Proceso de Admisi\u00f3n 2026 y Condiciones del tratamiento de datos personal 2026, los cuales deben ser debidamente completados y firmados por los padres de los postulantes.<\/p>\n\n\n\n<div data-wp-interactive=\"core\/file\" class=\"wp-block-file\"><object data-wp-bind--hidden=\"!state.hasPdfPreview\" hidden class=\"wp-block-file__embed\" data=\"https:\/\/iepnsrpiura.com\/wp-content\/uploads\/2025\/10\/Admision-2026.pdf\" type=\"application\/pdf\" style=\"width:100%;height:600px\" aria-label=\"Incrustado de Admisi\u00f3n 2026.\"><\/object><a id=\"wp-block-file--media-3a95413b-5a00-4f93-96d9-61c58d9e1950\" href=\"https:\/\/iepnsrpiura.com\/wp-content\/uploads\/2025\/10\/Admision-2026.pdf\">Admisi\u00f3n 2026<\/a><a href=\"https:\/\/iepnsrpiura.com\/wp-content\/uploads\/2025\/10\/Admision-2026.pdf\" class=\"wp-block-file__button wp-element-button\" download aria-describedby=\"wp-block-file--media-3a95413b-5a00-4f93-96d9-61c58d9e1950\">Descarga<\/a><\/div>\n\n\n\n<div data-wp-interactive=\"core\/file\" class=\"wp-block-file\"><object data-wp-bind--hidden=\"!state.hasPdfPreview\" hidden class=\"wp-block-file__embed\" data=\"https:\/\/iepnsrpiura.com\/wp-content\/uploads\/2025\/10\/CONDICIONES-DEL-TRATAMIENTO-DE-DATOS-PERSONALES.pdf\" type=\"application\/pdf\" style=\"width:100%;height:600px\" aria-label=\"Incrustado de Condiciones del tratamiento de Datos Personales.\"><\/object><a id=\"wp-block-file--media-6e936a18-9514-4fda-95a0-642679cbd7cb\" href=\"https:\/\/iepnsrpiura.com\/wp-content\/uploads\/2025\/10\/CONDICIONES-DEL-TRATAMIENTO-DE-DATOS-PERSONALES.pdf\">Condiciones del tratamiento de Datos Personales<\/a><a href=\"https:\/\/iepnsrpiura.com\/wp-content\/uploads\/2025\/10\/CONDICIONES-DEL-TRATAMIENTO-DE-DATOS-PERSONALES.pdf\" class=\"wp-block-file__button wp-element-button\" download aria-describedby=\"wp-block-file--media-6e936a18-9514-4fda-95a0-642679cbd7cb\">Descarga<\/a><\/div>\n\n\n\n<div data-wp-interactive=\"core\/file\" class=\"wp-block-file\"><object data-wp-bind--hidden=\"!state.hasPdfPreview\" hidden class=\"wp-block-file__embed\" data=\"https:\/\/iepnsrpiura.com\/wp-content\/uploads\/2025\/10\/CRONOGRAMA-DE-PENSIONES-2026.pdf\" type=\"application\/pdf\" style=\"width:100%;height:600px\" aria-label=\"Incrustado de Cronograma de Pensiones 2026.\"><\/object><a id=\"wp-block-file--media-83b48b83-7f8c-4022-91e7-8487fb56b7e5\" href=\"https:\/\/iepnsrpiura.com\/wp-content\/uploads\/2025\/10\/CRONOGRAMA-DE-PENSIONES-2026.pdf\">Cronograma de Pensiones 2026<\/a><a href=\"https:\/\/iepnsrpiura.com\/wp-content\/uploads\/2025\/10\/CRONOGRAMA-DE-PENSIONES-2026.pdf\" class=\"wp-block-file__button wp-element-button\" download aria-describedby=\"wp-block-file--media-83b48b83-7f8c-4022-91e7-8487fb56b7e5\">Descarga<\/a><\/div>\n\n\n\n<div data-wp-interactive=\"core\/file\" class=\"wp-block-file\"><object data-wp-bind--hidden=\"!state.hasPdfPreview\" hidden class=\"wp-block-file__embed\" data=\"https:\/\/iepnsrpiura.com\/wp-content\/uploads\/2025\/10\/Declaracion-jurada-sobre-informacion-condiciones-y-documentacion-presentada-en-el-Proceso-de-Admision.pdf\" type=\"application\/pdf\" style=\"width:100%;height:600px\" aria-label=\"Incrustado de Declaraci\u00f3n jurada sobre informaci\u00f3n, condiciones y documentaci\u00f3n presentada en el Proceso de Admisi\u00f3n.\"><\/object><a id=\"wp-block-file--media-d59da0bb-f786-443a-ba77-0c21ca6bf519\" href=\"https:\/\/iepnsrpiura.com\/wp-content\/uploads\/2025\/10\/Declaracion-jurada-sobre-informacion-condiciones-y-documentacion-presentada-en-el-Proceso-de-Admision.pdf\">Declaraci\u00f3n jurada sobre informaci\u00f3n, condiciones y documentaci\u00f3n presentada en el Proceso de Admisi\u00f3n<\/a><a href=\"https:\/\/iepnsrpiura.com\/wp-content\/uploads\/2025\/10\/Declaracion-jurada-sobre-informacion-condiciones-y-documentacion-presentada-en-el-Proceso-de-Admision.pdf\" class=\"wp-block-file__button wp-element-button\" download aria-describedby=\"wp-block-file--media-d59da0bb-f786-443a-ba77-0c21ca6bf519\">Descarga<\/a><\/div>\n\n\n\n<div data-wp-interactive=\"core\/file\" class=\"wp-block-file\"><object data-wp-bind--hidden=\"!state.hasPdfPreview\" hidden class=\"wp-block-file__embed\" data=\"https:\/\/iepnsrpiura.com\/wp-content\/uploads\/2025\/10\/Disposiciones-sobre-el-Proceso-de-Admision.pdf\" type=\"application\/pdf\" style=\"width:100%;height:600px\" aria-label=\"Incrustado de Disposiciones sobre el Proceso de Admisi\u00f3n.\"><\/object><a id=\"wp-block-file--media-f6c89a0d-57b2-4fc1-be87-5936ccec54fc\" href=\"https:\/\/iepnsrpiura.com\/wp-content\/uploads\/2025\/10\/Disposiciones-sobre-el-Proceso-de-Admision.pdf\">Disposiciones sobre el Proceso de Admisi\u00f3n<\/a><a href=\"https:\/\/iepnsrpiura.com\/wp-content\/uploads\/2025\/10\/Disposiciones-sobre-el-Proceso-de-Admision.pdf\" class=\"wp-block-file__button wp-element-button\" download aria-describedby=\"wp-block-file--media-f6c89a0d-57b2-4fc1-be87-5936ccec54fc\">Descarga<\/a><\/div>\n\n\n\n<div class=\"wp-block-file\"><a id=\"wp-block-file--media-cb063bd2-9468-4653-b727-eb6044631034\" href=\"https:\/\/iepnsrpiura.com\/wp-content\/uploads\/2025\/10\/Solicitud-para-el-Proceso-de-Admision-Inicial-3-anos.docx\">Solicitud para el Proceso de Admisi\u00f3n &#8211; Inicial 3 a\u00f1os<\/a><a href=\"https:\/\/iepnsrpiura.com\/wp-content\/uploads\/2025\/10\/Solicitud-para-el-Proceso-de-Admision-Inicial-3-anos.docx\" class=\"wp-block-file__button wp-element-button\" download aria-describedby=\"wp-block-file--media-cb063bd2-9468-4653-b727-eb6044631034\">Descarga<\/a><\/div>\n\n\n\n<div class=\"wp-block-file\"><a id=\"wp-block-file--media-85744609-51c2-4d7f-a8bc-11d3ac555a1b\" href=\"https:\/\/iepnsrpiura.com\/wp-content\/uploads\/2025\/10\/Solicitud-para-el-Proceso-de-Admision-Inicial-4-Y-5-anos.docx\">Solicitud para el Proceso de Admisi\u00f3n &#8211; Inicial 4 Y 5 a\u00f1os<\/a><a href=\"https:\/\/iepnsrpiura.com\/wp-content\/uploads\/2025\/10\/Solicitud-para-el-Proceso-de-Admision-Inicial-4-Y-5-anos.docx\" class=\"wp-block-file__button wp-element-button\" download aria-describedby=\"wp-block-file--media-85744609-51c2-4d7f-a8bc-11d3ac555a1b\">Descarga<\/a><\/div>\n\n\n\n<div class=\"wp-block-file\"><a id=\"wp-block-file--media-d7bd1699-1938-4337-8dfb-cd8433b5178b\" href=\"https:\/\/iepnsrpiura.com\/wp-content\/uploads\/2025\/10\/Solicitud-para-el-Proceso-de-Admision-Nivel-Primario-y-Secundario.docx\">Solicitud para el Proceso de Admisi\u00f3n &#8211; Nivel Primario y Secundario<\/a><a href=\"https:\/\/iepnsrpiura.com\/wp-content\/uploads\/2025\/10\/Solicitud-para-el-Proceso-de-Admision-Nivel-Primario-y-Secundario.docx\" class=\"wp-block-file__button wp-element-button\" download aria-describedby=\"wp-block-file--media-d7bd1699-1938-4337-8dfb-cd8433b5178b\">Descarga<\/a><\/div>\n\n\n\n<div data-wp-interactive=\"core\/file\" class=\"wp-block-file\"><object data-wp-bind--hidden=\"!state.hasPdfPreview\" hidden class=\"wp-block-file__embed\" data=\"https:\/\/iepnsrpiura.com\/wp-content\/uploads\/2025\/11\/BOLETIN_INFORATIVO_2025_2026-1.pdf\" type=\"application\/pdf\" style=\"width:100%;height:600px\" aria-label=\"Incrustado de Bolet\u00edn informativo 2025 \/ 20226.\"><\/object><a id=\"wp-block-file--media-c4b28007-e654-470a-88f2-f303187c5d87\" href=\"https:\/\/iepnsrpiura.com\/wp-content\/uploads\/2025\/11\/BOLETIN_INFORATIVO_2025_2026-1.pdf\">Bolet\u00edn informativo 2025 \/ 20226<\/a><a href=\"https:\/\/iepnsrpiura.com\/wp-content\/uploads\/2025\/11\/BOLETIN_INFORATIVO_2025_2026-1.pdf\" class=\"wp-block-file__button wp-element-button\" download aria-describedby=\"wp-block-file--media-c4b28007-e654-470a-88f2-f303187c5d87\">Descarga<\/a><\/div>\n\n\n\n<div data-wp-interactive=\"core\/file\" class=\"wp-block-file\"><object data-wp-bind--hidden=\"!state.hasPdfPreview\" hidden class=\"wp-block-file__embed\" data=\"https:\/\/iepnsrpiura.com\/wp-content\/uploads\/2025\/11\/PLAN-DE-CONTINGENCIA_2025.pdf\" type=\"application\/pdf\" style=\"width:100%;height:600px\" aria-label=\"Incrustado de Plan de Contingencia 2025 .\"><\/object><a id=\"wp-block-file--media-260ce885-309c-4f86-809d-c38e50c14229\" href=\"https:\/\/iepnsrpiura.com\/wp-content\/uploads\/2025\/11\/PLAN-DE-CONTINGENCIA_2025.pdf\">Plan de Contingencia 2025 <\/a><a href=\"https:\/\/iepnsrpiura.com\/wp-content\/uploads\/2025\/11\/PLAN-DE-CONTINGENCIA_2025.pdf\" class=\"wp-block-file__button wp-element-button\" download aria-describedby=\"wp-block-file--media-260ce885-309c-4f86-809d-c38e50c14229\">Descarga<\/a><\/div>\n","protected":false},"excerpt":{"rendered":"<p>La informaci\u00f3n de los postulantes se recopilar\u00e1 mediante los siguientes formatos: Solicitud de Admisi\u00f3n 2026 ( descargar seg\u00fan el grado y nivel al que postulara ), Disposiciones sobre el Proceso de Admisi\u00f3n 2026 y Condiciones del tratamiento de datos personal 2026, los cuales deben ser debidamente completados y firmados por los padres de los postulantes.<\/p>\n","protected":false},"author":1,"featured_media":0,"parent":0,"menu_order":0,"comment_status":"closed","ping_status":"closed","template":"","meta":{"footnotes":""},"class_list":["post-256","page","type-page","status-publish","hentry"],"_links":{"self":[{"href":"https:\/\/iepnsrpiura.com\/index.php?rest_route=\/wp\/v2\/pages\/256","targetHints":{"allow":["GET"]}}],"collection":[{"href":"https:\/\/iepnsrpiura.com\/index.php?rest_route=\/wp\/v2\/pages"}],"about":[{"href":"https:\/\/iepnsrpiura.com\/index.php?rest_route=\/wp\/v2\/types\/page"}],"author":[{"embeddable":true,"href":"https:\/\/iepnsrpiura.com\/index.php?rest_route=\/wp\/v2\/users\/1"}],"replies":[{"embeddable":true,"href":"https:\/\/iepnsrpiura.com\/index.php?rest_route=%2Fwp%2Fv2%2Fcomments&post=256"}],"version-history":[{"count":5,"href":"https:\/\/iepnsrpiura.com\/index.php?rest_route=\/wp\/v2\/pages\/256\/revisions"}],"predecessor-version":[{"id":311,"href":"https:\/\/iepnsrpiura.com\/index.php?rest_route=\/wp\/v2\/pages\/256\/revisions\/311"}],"wp:attachment":[{"href":"https:\/\/iepnsrpiura.com\/index.php?rest_route=%2Fwp%2Fv2%2Fmedia&parent=256"}],"curies":[{"name":"wp","href":"https:\/\/api.w.org\/{rel}","templated":true}]}}