{"id":75,"date":"2024-04-22T04:42:23","date_gmt":"2024-04-22T02:42:23","guid":{"rendered":"http:\/\/localhost\/colrosario\/?page_id=75"},"modified":"2024-04-22T04:46:11","modified_gmt":"2024-04-22T02:46:11","slug":"vision-y-mision","status":"publish","type":"page","link":"https:\/\/iepnsrpiura.com\/?page_id=75","title":{"rendered":"Visi\u00f3n y Misi\u00f3n"},"content":{"rendered":"\n<div class=\"wp-block-columns is-layout-flex wp-container-core-columns-is-layout-9d6595d7 wp-block-columns-is-layout-flex\">\n<div class=\"wp-block-column is-layout-flow wp-block-column-is-layout-flow\">\n<h2 class=\"wp-block-heading\">MISION<\/h2>\n<\/div>\n\n\n\n<div class=\"wp-block-column is-layout-flow wp-block-column-is-layout-flow\">\n<h2 class=\"wp-block-heading\">VISION<\/h2>\n<\/div>\n<\/div>\n\n\n\n<div class=\"wp-block-columns is-layout-flex wp-container-core-columns-is-layout-9d6595d7 wp-block-columns-is-layout-flex\">\n<div class=\"wp-block-column is-layout-flow wp-block-column-is-layout-flow\">\n<p>En el 2028, somos reconocidos como una instituci\u00f3n educativa parroquial innovadora, competitiva y l\u00edder en nuestra comunidad con estudiantes reflexivos, cr\u00edticos, creativos, autodisciplinados, l\u00edderes en la fe y con conciencia ecol\u00f3gica para afrontar los permanentes desaf\u00edos del futuro y contribuir al desarrollo humano de nuestra sociedad octubrina.<\/p>\n<\/div>\n\n\n\n<div class=\"wp-block-column is-layout-flow wp-block-column-is-layout-flow\">\n<p>En la IEP \u201cNuestra Se\u00f1ora del Rosario\u201d forjamos en nuestros estudiantes el desarrollo de sus competencias establecidas en el CNEB mediante la formaci\u00f3n integral que brindamos, enfatizando la innovaci\u00f3n, el uso de la tecnolog\u00eda y el dominio del idioma Ingl\u00e9s, as\u00ed como los valores c\u00edvicos, morales y \u00e9ticos y la axiolog\u00eda de la escuela cat\u00f3lica; asimismo, promovemos y gestionamos la participaci\u00f3n activa de las familias y la comunidad en el logro de los aprendizajes.<\/p>\n<\/div>\n<\/div>\n","protected":false},"excerpt":{"rendered":"<p>MISION VISION En el 2028, somos reconocidos como una instituci\u00f3n educativa parroquial innovadora, competitiva y l\u00edder en nuestra comunidad con estudiantes reflexivos, cr\u00edticos, creativos, autodisciplinados, l\u00edderes en la fe y con conciencia ecol\u00f3gica para afrontar los permanentes desaf\u00edos del futuro y contribuir al desarrollo humano de nuestra sociedad octubrina. En la IEP \u201cNuestra Se\u00f1ora del [&hellip;]<\/p>\n","protected":false},"author":1,"featured_media":0,"parent":0,"menu_order":0,"comment_status":"closed","ping_status":"closed","template":"","meta":{"footnotes":""},"class_list":["post-75","page","type-page","status-publish","hentry"],"_links":{"self":[{"href":"https:\/\/iepnsrpiura.com\/index.php?rest_route=\/wp\/v2\/pages\/75","targetHints":{"allow":["GET"]}}],"collection":[{"href":"https:\/\/iepnsrpiura.com\/index.php?rest_route=\/wp\/v2\/pages"}],"about":[{"href":"https:\/\/iepnsrpiura.com\/index.php?rest_route=\/wp\/v2\/types\/page"}],"author":[{"embeddable":true,"href":"https:\/\/iepnsrpiura.com\/index.php?rest_route=\/wp\/v2\/users\/1"}],"replies":[{"embeddable":true,"href":"https:\/\/iepnsrpiura.com\/index.php?rest_route=%2Fwp%2Fv2%2Fcomments&post=75"}],"version-history":[{"count":3,"href":"https:\/\/iepnsrpiura.com\/index.php?rest_route=\/wp\/v2\/pages\/75\/revisions"}],"predecessor-version":[{"id":80,"href":"https:\/\/iepnsrpiura.com\/index.php?rest_route=\/wp\/v2\/pages\/75\/revisions\/80"}],"wp:attachment":[{"href":"https:\/\/iepnsrpiura.com\/index.php?rest_route=%2Fwp%2Fv2%2Fmedia&parent=75"}],"curies":[{"name":"wp","href":"https:\/\/api.w.org\/{rel}","templated":true}]}}