{"id":88,"date":"2024-04-22T05:24:31","date_gmt":"2024-04-22T03:24:31","guid":{"rendered":"http:\/\/localhost\/colrosario\/?page_id=88"},"modified":"2024-04-22T05:24:32","modified_gmt":"2024-04-22T03:24:32","slug":"el-lema-de-nuestra-ie","status":"publish","type":"page","link":"https:\/\/iepnsrpiura.com\/?page_id=88","title":{"rendered":"El Lema de nuestra IE"},"content":{"rendered":"\n<p>El lema de la instituci\u00f3n educativa parroquial Nuestra Se\u00f1ora del Rosario \u00abDIOS &#8211; CIENCIA &#8211; ACCI\u00d3N\u00bb refleja un enfoque hol\u00edstico de la educaci\u00f3n que busca desarrollar individuos \u00edntegros, que armonizan su fe con el conocimiento cient\u00edfico y la capacidad de actuar de manera \u00e9tica y efectiva en la sociedad, contribuyendo as\u00ed al bien com\u00fan y a su desarrollo como persona.&nbsp;&nbsp;&nbsp;&nbsp;<\/p>\n\n\n\n<p>DIOS: Este elemento del lema subraya la importancia de las ense\u00f1anzas cristianas como eje central de la educaci\u00f3n impartida. Refleja el compromiso de la instituci\u00f3n con la promoci\u00f3n de valores \u00e9ticos y morales basados en las ense\u00f1anzas de Jesucristo. Al integrar estos principios en el curr\u00edculo, la instituci\u00f3n aspira a formar personas con s\u00f3lidos principios morales y espirituales.<\/p>\n\n\n\n<p>CIENCIA: La inclusi\u00f3n de la ciencia en el lema destaca el compromiso de la instituci\u00f3n con la ense\u00f1anza y el aprendizaje de las innovaciones y conocimientos cient\u00edficos. Este componente refleja una dedicaci\u00f3n a mantener a los estudiantes informados y al d\u00eda con los avances tecnol\u00f3gicos y cient\u00edficos, asegurando as\u00ed una educaci\u00f3n integral que no solo abarca aspectos espirituales y \u00e9ticos, sino tambi\u00e9n intelectuales y pr\u00e1cticos, basados en la indagaci\u00f3n, la exploraci\u00f3n y experimentaci\u00f3n como pilares de la investigaci\u00f3n cient\u00edfica.<\/p>\n\n\n\n<p>ACCI\u00d3N: Este \u00faltimo aspecto del lema enfatiza la importancia de la aplicaci\u00f3n pr\u00e1ctica del conocimiento. La instituci\u00f3n valora la teor\u00eda, pero pone un \u00e9nfasis especial en \u00abponer en pr\u00e1ctica\u00bb lo aprendido. Esto significa que los estudiantes son alentados a aplicar de manera individual y colectiva sus conocimientos y valores tanto en el aula como en su familia y la comunidad, fomentando as\u00ed un aprendizaje vivencial que prepara a los estudiantes para enfrentar desaf\u00edos reales en el mundo m\u00e1s all\u00e1 de la escuela.<\/p>\n","protected":false},"excerpt":{"rendered":"<p>El lema de la instituci\u00f3n educativa parroquial Nuestra Se\u00f1ora del Rosario \u00abDIOS &#8211; CIENCIA &#8211; ACCI\u00d3N\u00bb refleja un enfoque hol\u00edstico de la educaci\u00f3n que busca desarrollar individuos \u00edntegros, que armonizan su fe con el conocimiento cient\u00edfico y la capacidad de actuar de manera \u00e9tica y efectiva en la sociedad, contribuyendo as\u00ed al bien com\u00fan y [&hellip;]<\/p>\n","protected":false},"author":1,"featured_media":0,"parent":0,"menu_order":0,"comment_status":"closed","ping_status":"closed","template":"","meta":{"footnotes":""},"class_list":["post-88","page","type-page","status-publish","hentry"],"_links":{"self":[{"href":"https:\/\/iepnsrpiura.com\/index.php?rest_route=\/wp\/v2\/pages\/88","targetHints":{"allow":["GET"]}}],"collection":[{"href":"https:\/\/iepnsrpiura.com\/index.php?rest_route=\/wp\/v2\/pages"}],"about":[{"href":"https:\/\/iepnsrpiura.com\/index.php?rest_route=\/wp\/v2\/types\/page"}],"author":[{"embeddable":true,"href":"https:\/\/iepnsrpiura.com\/index.php?rest_route=\/wp\/v2\/users\/1"}],"replies":[{"embeddable":true,"href":"https:\/\/iepnsrpiura.com\/index.php?rest_route=%2Fwp%2Fv2%2Fcomments&post=88"}],"version-history":[{"count":1,"href":"https:\/\/iepnsrpiura.com\/index.php?rest_route=\/wp\/v2\/pages\/88\/revisions"}],"predecessor-version":[{"id":89,"href":"https:\/\/iepnsrpiura.com\/index.php?rest_route=\/wp\/v2\/pages\/88\/revisions\/89"}],"wp:attachment":[{"href":"https:\/\/iepnsrpiura.com\/index.php?rest_route=%2Fwp%2Fv2%2Fmedia&parent=88"}],"curies":[{"name":"wp","href":"https:\/\/api.w.org\/{rel}","templated":true}]}}