{"id":90,"date":"2024-04-22T05:25:41","date_gmt":"2024-04-22T03:25:41","guid":{"rendered":"http:\/\/localhost\/colrosario\/?page_id=90"},"modified":"2024-04-22T05:28:04","modified_gmt":"2024-04-22T03:28:04","slug":"nuestros-simbolos","status":"publish","type":"page","link":"https:\/\/iepnsrpiura.com\/?page_id=90","title":{"rendered":"Nuestros s\u00edmbolos"},"content":{"rendered":"\n<p>La representaci\u00f3n del s\u00edmbolo Rosarino parte de la creaci\u00f3n del lema e himno creado por Milne Francisco Vegas Pinto, docente de primaria, cuando se encontraba el padre Manuel Curay Ochoa como promotor de nuestra instituci\u00f3n.<\/p>\n\n\n\n<p>La imagen del libro representa el aprendizaje de los estudiantes; la imagen de la cruz, la fe en Dios; la imagen del rosario y el color celeste, la semejanza de nuestra Virgen gu\u00eda. Alrededor se encuentran las siglas de nuestra instituci\u00f3n.<\/p>\n","protected":false},"excerpt":{"rendered":"<p>La representaci\u00f3n del s\u00edmbolo Rosarino parte de la creaci\u00f3n del lema e himno creado por Milne Francisco Vegas Pinto, docente de primaria, cuando se encontraba el padre Manuel Curay Ochoa como promotor de nuestra instituci\u00f3n. La imagen del libro representa el aprendizaje de los estudiantes; la imagen de la cruz, la fe en Dios; la [&hellip;]<\/p>\n","protected":false},"author":1,"featured_media":18,"parent":0,"menu_order":0,"comment_status":"closed","ping_status":"closed","template":"","meta":{"footnotes":""},"class_list":["post-90","page","type-page","status-publish","has-post-thumbnail","hentry"],"_links":{"self":[{"href":"https:\/\/iepnsrpiura.com\/index.php?rest_route=\/wp\/v2\/pages\/90","targetHints":{"allow":["GET"]}}],"collection":[{"href":"https:\/\/iepnsrpiura.com\/index.php?rest_route=\/wp\/v2\/pages"}],"about":[{"href":"https:\/\/iepnsrpiura.com\/index.php?rest_route=\/wp\/v2\/types\/page"}],"author":[{"embeddable":true,"href":"https:\/\/iepnsrpiura.com\/index.php?rest_route=\/wp\/v2\/users\/1"}],"replies":[{"embeddable":true,"href":"https:\/\/iepnsrpiura.com\/index.php?rest_route=%2Fwp%2Fv2%2Fcomments&post=90"}],"version-history":[{"count":1,"href":"https:\/\/iepnsrpiura.com\/index.php?rest_route=\/wp\/v2\/pages\/90\/revisions"}],"predecessor-version":[{"id":91,"href":"https:\/\/iepnsrpiura.com\/index.php?rest_route=\/wp\/v2\/pages\/90\/revisions\/91"}],"wp:featuredmedia":[{"embeddable":true,"href":"https:\/\/iepnsrpiura.com\/index.php?rest_route=\/wp\/v2\/media\/18"}],"wp:attachment":[{"href":"https:\/\/iepnsrpiura.com\/index.php?rest_route=%2Fwp%2Fv2%2Fmedia&parent=90"}],"curies":[{"name":"wp","href":"https:\/\/api.w.org\/{rel}","templated":true}]}}